{"id":139,"date":"2018-09-16T13:44:42","date_gmt":"2018-09-16T13:44:42","guid":{"rendered":"http:\/\/schaalsee-comfort.de\/?page_id=139"},"modified":"2025-07-01T08:55:40","modified_gmt":"2025-07-01T07:55:40","slug":"ferienhaus-monika-ausstattung","status":"publish","type":"page","link":"http:\/\/schaalsee-comfort.de\/?page_id=139","title":{"rendered":"Ferienhaus Monika &#8211; Ausstattung"},"content":{"rendered":"<p><strong>Wohnzimmer:<\/strong><\/p>\n<ul>\n<li>Flachbild-TV<\/li>\n<li>Blue-Ray-Player<\/li>\n<li>Hifi-Anlage<\/li>\n<li>Kaminofen<\/li>\n<li>gro\u00dfes Sofa<\/li>\n<\/ul>\n<p><strong>Schlafzimmer:<\/strong><\/p>\n<ul>\n<li>Doppelbett 1,60 x 2,00 m<\/li>\n<li>Kleiderschrank<\/li>\n<li>Kommode<\/li>\n<\/ul>\n<p><strong>K\u00fcche:<\/strong><\/p>\n<ul>\n<li>Glaskaramikfeld<\/li>\n<li>K\u00fchl- und Gefrierschrank<\/li>\n<li>Sp\u00fcle<\/li>\n<li>Kochutensilien<\/li>\n<li>Toaster<\/li>\n<li>Kaffeemaschine<\/li>\n<li>Kaminofen<\/li>\n<li>E\u00dfplatz f\u00fcr vier Personen<\/li>\n<\/ul>\n<p><strong>Bad:<\/strong><\/p>\n<ul>\n<li>Duschkabine<\/li>\n<li>Badewanne<\/li>\n<li>WC<\/li>\n<li>Waschbecken<\/li>\n<\/ul>\n<p><strong>Terrasse:<\/strong><\/p>\n<ul>\n<li>Gartenm\u00f6bel f\u00fcr 4-5 Personen<\/li>\n<li>Holzkohlegrill<\/li>\n<\/ul>\n","protected":false},"excerpt":{"rendered":"<p>Wohnzimmer: Flachbild-TV Blue-Ray-Player Hifi-Anlage Kaminofen gro\u00dfes Sofa Schlafzimmer: Doppelbett 1,60 x 2,00 m Kleiderschrank Kommode K\u00fcche: Glaskaramikfeld K\u00fchl- und Gefrierschrank Sp\u00fcle Kochutensilien Toaster Kaffeemaschine Kaminofen E\u00dfplatz f\u00fcr vier Personen Bad: Duschkabine Badewanne WC Waschbecken Terrasse: Gartenm\u00f6bel f\u00fcr 4-5 Personen Holzkohlegrill<\/p>\n","protected":false},"author":1,"featured_media":0,"parent":36,"menu_order":0,"comment_status":"closed","ping_status":"closed","template":"","meta":[],"_links":{"self":[{"href":"http:\/\/schaalsee-comfort.de\/index.php?rest_route=\/wp\/v2\/pages\/139"}],"collection":[{"href":"http:\/\/schaalsee-comfort.de\/index.php?rest_route=\/wp\/v2\/pages"}],"about":[{"href":"http:\/\/schaalsee-comfort.de\/index.php?rest_route=\/wp\/v2\/types\/page"}],"author":[{"embeddable":true,"href":"http:\/\/schaalsee-comfort.de\/index.php?rest_route=\/wp\/v2\/users\/1"}],"replies":[{"embeddable":true,"href":"http:\/\/schaalsee-comfort.de\/index.php?rest_route=%2Fwp%2Fv2%2Fcomments&post=139"}],"version-history":[{"count":3,"href":"http:\/\/schaalsee-comfort.de\/index.php?rest_route=\/wp\/v2\/pages\/139\/revisions"}],"predecessor-version":[{"id":243,"href":"http:\/\/schaalsee-comfort.de\/index.php?rest_route=\/wp\/v2\/pages\/139\/revisions\/243"}],"up":[{"embeddable":true,"href":"http:\/\/schaalsee-comfort.de\/index.php?rest_route=\/wp\/v2\/pages\/36"}],"wp:attachment":[{"href":"http:\/\/schaalsee-comfort.de\/index.php?rest_route=%2Fwp%2Fv2%2Fmedia&parent=139"}],"curies":[{"name":"wp","href":"https:\/\/api.w.org\/{rel}","templated":true}]}}