{"id":144,"date":"2018-09-17T04:59:57","date_gmt":"2018-09-17T04:59:57","guid":{"rendered":"http:\/\/schaalsee-comfort.de\/?page_id=144"},"modified":"2025-07-17T10:43:13","modified_gmt":"2025-07-17T09:43:13","slug":"preise","status":"publish","type":"page","link":"http:\/\/schaalsee-comfort.de\/?page_id=144","title":{"rendered":"Preise"},"content":{"rendered":"<p>Preise f\u00fcr beide Haush\u00e4lften (Barbara und Monika) sind identisch.<\/p>\n<p>Pro Nacht f\u00fcr bis zu 2 Personen:<\/p>\n<p><strong>2025:<\/strong><\/p>\n<p>Januar bis Mai: 65,00 Euro<\/p>\n<p>Juni, Juli, August: 79,00 Euro<\/p>\n<p>September bis Dezember: 69,00 Euro<\/p>\n<p><strong>2026:<\/strong><\/p>\n<p>Januar bis April: 69,00<\/p>\n<p>Mai bis August: 79,00<\/p>\n<p>(weitere Person mit Zustellbett 10,00 Euro\/Nacht)<\/p>\n<p>Enthalten sind die <span style=\"color: #ff0000;\"><span style=\"color: #000000;\">Mehrwertsteuer<\/span>,<\/span> Nebenkosten (Strom, Gas, Wasser), Handt\u00fccher und Bettw\u00e4sche. Endreinigung (sofern Sie es nicht selbst machen m\u00f6chten):\u00a0 40,00 Euro.<\/p>\n<p>Preis gilt ab 3 N\u00e4chten (1 und 2 N\u00e4chte\u00a0 10,00 Euro zus. \/ Nacht).<\/p>\n<p><img decoding=\"async\" loading=\"lazy\" class=\"alignnone wp-image-152\" src=\"http:\/\/schaalsee-comfort.de\/wp-content\/uploads\/2018\/09\/20131006_102219.jpg\" alt=\"\" width=\"349\" height=\"262\" srcset=\"http:\/\/schaalsee-comfort.de\/wp-content\/uploads\/2018\/09\/20131006_102219.jpg 3264w, http:\/\/schaalsee-comfort.de\/wp-content\/uploads\/2018\/09\/20131006_102219-300x225.jpg 300w, http:\/\/schaalsee-comfort.de\/wp-content\/uploads\/2018\/09\/20131006_102219-768x576.jpg 768w, http:\/\/schaalsee-comfort.de\/wp-content\/uploads\/2018\/09\/20131006_102219-1024x768.jpg 1024w\" sizes=\"(max-width: 349px) 100vw, 349px\" \/><\/p>\n<p>Kaminholz erhalten Sie bei uns g\u00fcnstig, und wenn Sie es w\u00fcnschen, ist der K\u00fchlschrank bei Ihrer Ankunft schon gef\u00fcllt (gegen Berechnung).<\/p>\n","protected":false},"excerpt":{"rendered":"<p>Preise f\u00fcr beide Haush\u00e4lften (Barbara und Monika) sind identisch. Pro Nacht f\u00fcr bis zu 2 Personen: 2025: Januar bis Mai: 65,00 Euro Juni, Juli, August: 79,00 Euro September bis Dezember: 69,00 Euro 2026: Januar bis April: 69,00 Mai bis August: 79,00 (weitere Person mit Zustellbett 10,00 Euro\/Nacht) Enthalten sind die Mehrwertsteuer, Nebenkosten (Strom, Gas, Wasser), &hellip; <\/p>\n<p class=\"link-more\"><a href=\"http:\/\/schaalsee-comfort.de\/?page_id=144\" class=\"more-link\"><span class=\"screen-reader-text\">&#8222;Preise&#8220;<\/span> weiterlesen<\/a><\/p>\n","protected":false},"author":1,"featured_media":0,"parent":0,"menu_order":0,"comment_status":"closed","ping_status":"closed","template":"","meta":[],"_links":{"self":[{"href":"http:\/\/schaalsee-comfort.de\/index.php?rest_route=\/wp\/v2\/pages\/144"}],"collection":[{"href":"http:\/\/schaalsee-comfort.de\/index.php?rest_route=\/wp\/v2\/pages"}],"about":[{"href":"http:\/\/schaalsee-comfort.de\/index.php?rest_route=\/wp\/v2\/types\/page"}],"author":[{"embeddable":true,"href":"http:\/\/schaalsee-comfort.de\/index.php?rest_route=\/wp\/v2\/users\/1"}],"replies":[{"embeddable":true,"href":"http:\/\/schaalsee-comfort.de\/index.php?rest_route=%2Fwp%2Fv2%2Fcomments&post=144"}],"version-history":[{"count":18,"href":"http:\/\/schaalsee-comfort.de\/index.php?rest_route=\/wp\/v2\/pages\/144\/revisions"}],"predecessor-version":[{"id":283,"href":"http:\/\/schaalsee-comfort.de\/index.php?rest_route=\/wp\/v2\/pages\/144\/revisions\/283"}],"wp:attachment":[{"href":"http:\/\/schaalsee-comfort.de\/index.php?rest_route=%2Fwp%2Fv2%2Fmedia&parent=144"}],"curies":[{"name":"wp","href":"https:\/\/api.w.org\/{rel}","templated":true}]}}