{"id":25,"date":"2018-09-13T20:10:59","date_gmt":"2018-09-13T20:10:59","guid":{"rendered":"http:\/\/schaalsee-comfort.de\/?page_id=25"},"modified":"2025-07-04T08:37:02","modified_gmt":"2025-07-04T07:37:02","slug":"ferienhaus-barbara","status":"publish","type":"page","link":"http:\/\/schaalsee-comfort.de\/?page_id=25","title":{"rendered":"Ferienhaus Barbara &#8211; Infos"},"content":{"rendered":"<p>Unser Objekt hat zwei (fast) identische H\u00e4lften. Das Haus Barbara bietet Platz f\u00fcr 2 Personen (mit Zustellbett auch 3). Alle haben viel Platz, denn diese Haush\u00e4lfte ist ca. 75 Quadratmeter gro\u00df.\u00a0 Im Wohnzimmer erwartet Sie ein urgem\u00fctlicher Kaminofen (es gibt nichts Sch\u00f6neres, als an einem k\u00fchlen Herbsttag heimzukommen und die nat\u00fcrliche W\u00e4rme zu sp\u00fcren und das Holz knistern zu h\u00f6ren.\u00a0 <a href=\"http:\/\/schaalsee-comfort.de\/?page_id=68\"><span style=\"color: #0000ff;\">Details zur Ausstattung hier.<\/span><\/a><\/p>\n<figure id=\"attachment_236\" aria-describedby=\"caption-attachment-236\" style=\"width: 496px\" class=\"wp-caption alignnone\"><img decoding=\"async\" loading=\"lazy\" class=\" wp-image-236\" src=\"http:\/\/schaalsee-comfort.de\/wp-content\/uploads\/2025\/07\/WZ-01-scaled.jpg\" alt=\"\" width=\"496\" height=\"372\" srcset=\"http:\/\/schaalsee-comfort.de\/wp-content\/uploads\/2025\/07\/WZ-01-scaled.jpg 2560w, http:\/\/schaalsee-comfort.de\/wp-content\/uploads\/2025\/07\/WZ-01-300x225.jpg 300w, http:\/\/schaalsee-comfort.de\/wp-content\/uploads\/2025\/07\/WZ-01-1024x768.jpg 1024w, http:\/\/schaalsee-comfort.de\/wp-content\/uploads\/2025\/07\/WZ-01-768x576.jpg 768w, http:\/\/schaalsee-comfort.de\/wp-content\/uploads\/2025\/07\/WZ-01-1536x1152.jpg 1536w, http:\/\/schaalsee-comfort.de\/wp-content\/uploads\/2025\/07\/WZ-01-2048x1536.jpg 2048w\" sizes=\"(max-width: 496px) 100vw, 496px\" \/><figcaption id=\"caption-attachment-236\" class=\"wp-caption-text\">Wohnzimmer<\/figcaption><\/figure>\n<p><strong>Mehr Bilder finden Sie <a href=\"http:\/\/schaalsee-comfort.de\/?page_id=74\"><span style=\"color: #0000ff;\">hier.<\/span><\/a><\/strong><\/p>\n","protected":false},"excerpt":{"rendered":"<p>Unser Objekt hat zwei (fast) identische H\u00e4lften. Das Haus Barbara bietet Platz f\u00fcr 2 Personen (mit Zustellbett auch 3). Alle haben viel Platz, denn diese Haush\u00e4lfte ist ca. 75 Quadratmeter gro\u00df.\u00a0 Im Wohnzimmer erwartet Sie ein urgem\u00fctlicher Kaminofen (es gibt nichts Sch\u00f6neres, als an einem k\u00fchlen Herbsttag heimzukommen und die nat\u00fcrliche W\u00e4rme zu sp\u00fcren und &hellip; <\/p>\n<p class=\"link-more\"><a href=\"http:\/\/schaalsee-comfort.de\/?page_id=25\" class=\"more-link\"><span class=\"screen-reader-text\">&#8222;Ferienhaus Barbara &#8211; Infos&#8220;<\/span> weiterlesen<\/a><\/p>\n","protected":false},"author":1,"featured_media":0,"parent":0,"menu_order":0,"comment_status":"closed","ping_status":"closed","template":"","meta":[],"_links":{"self":[{"href":"http:\/\/schaalsee-comfort.de\/index.php?rest_route=\/wp\/v2\/pages\/25"}],"collection":[{"href":"http:\/\/schaalsee-comfort.de\/index.php?rest_route=\/wp\/v2\/pages"}],"about":[{"href":"http:\/\/schaalsee-comfort.de\/index.php?rest_route=\/wp\/v2\/types\/page"}],"author":[{"embeddable":true,"href":"http:\/\/schaalsee-comfort.de\/index.php?rest_route=\/wp\/v2\/users\/1"}],"replies":[{"embeddable":true,"href":"http:\/\/schaalsee-comfort.de\/index.php?rest_route=%2Fwp%2Fv2%2Fcomments&post=25"}],"version-history":[{"count":13,"href":"http:\/\/schaalsee-comfort.de\/index.php?rest_route=\/wp\/v2\/pages\/25\/revisions"}],"predecessor-version":[{"id":273,"href":"http:\/\/schaalsee-comfort.de\/index.php?rest_route=\/wp\/v2\/pages\/25\/revisions\/273"}],"wp:attachment":[{"href":"http:\/\/schaalsee-comfort.de\/index.php?rest_route=%2Fwp%2Fv2%2Fmedia&parent=25"}],"curies":[{"name":"wp","href":"https:\/\/api.w.org\/{rel}","templated":true}]}}