{"id":36,"date":"2018-09-13T20:33:48","date_gmt":"2018-09-13T20:33:48","guid":{"rendered":"http:\/\/schaalsee-comfort.de\/?page_id=36"},"modified":"2025-07-04T08:38:53","modified_gmt":"2025-07-04T07:38:53","slug":"ferienhaus-monika","status":"publish","type":"page","link":"http:\/\/schaalsee-comfort.de\/?page_id=36","title":{"rendered":"Ferienhaus Monika &#8211; Infos"},"content":{"rendered":"<p>Das Haus Monika bietet von der Terrasse einen herrlichen Blick \u00fcber die weiten Felder. Sie haben viel Platz: Ca. 75 Quadratmeter. 2 Personen kommen im Schlafzimmer mit Doppelbett unter; f\u00fcr eine m\u00f6gliche dritte bietet sich das gro\u00dfe Sofa an, oder ein Zustellbett im Wohnzimmer. A pro pos Wohnzimmer: Hier finden Sie nicht nur einen gro\u00dfen Flachbild-Fernseher mit Blu-Ray-Player, sondern vor allem auch den herrlichen Kaminofen. Die Ausstattung finden Sie <a href=\"http:\/\/schaalsee-comfort.de\/?page_id=139\"><span style=\"color: #0000ff;\">hier.<\/span><\/a><\/p>\n<figure id=\"attachment_202\" aria-describedby=\"caption-attachment-202\" style=\"width: 494px\" class=\"wp-caption alignnone\"><img decoding=\"async\" loading=\"lazy\" class=\" wp-image-202\" src=\"http:\/\/schaalsee-comfort.de\/wp-content\/uploads\/2023\/04\/WZ-Mo-2023-02.jpg\" alt=\"\" width=\"494\" height=\"371\" srcset=\"http:\/\/schaalsee-comfort.de\/wp-content\/uploads\/2023\/04\/WZ-Mo-2023-02.jpg 4624w, http:\/\/schaalsee-comfort.de\/wp-content\/uploads\/2023\/04\/WZ-Mo-2023-02-300x225.jpg 300w, http:\/\/schaalsee-comfort.de\/wp-content\/uploads\/2023\/04\/WZ-Mo-2023-02-768x576.jpg 768w, http:\/\/schaalsee-comfort.de\/wp-content\/uploads\/2023\/04\/WZ-Mo-2023-02-1024x768.jpg 1024w\" sizes=\"(max-width: 494px) 100vw, 494px\" \/><figcaption id=\"caption-attachment-202\" class=\"wp-caption-text\">Wohnzimmer<\/figcaption><\/figure>\n<p><strong>Mehr Bilder gibt es <\/strong><a href=\"http:\/\/schaalsee-comfort.de\/?page_id=113\"><span style=\"color: #0000ff;\"><strong>hier.<\/strong> <\/span><\/a><\/p>\n","protected":false},"excerpt":{"rendered":"<p>Das Haus Monika bietet von der Terrasse einen herrlichen Blick \u00fcber die weiten Felder. Sie haben viel Platz: Ca. 75 Quadratmeter. 2 Personen kommen im Schlafzimmer mit Doppelbett unter; f\u00fcr eine m\u00f6gliche dritte bietet sich das gro\u00dfe Sofa an, oder ein Zustellbett im Wohnzimmer. A pro pos Wohnzimmer: Hier finden Sie nicht nur einen gro\u00dfen &hellip; <\/p>\n<p class=\"link-more\"><a href=\"http:\/\/schaalsee-comfort.de\/?page_id=36\" class=\"more-link\"><span class=\"screen-reader-text\">&#8222;Ferienhaus Monika &#8211; Infos&#8220;<\/span> weiterlesen<\/a><\/p>\n","protected":false},"author":1,"featured_media":0,"parent":0,"menu_order":0,"comment_status":"closed","ping_status":"closed","template":"","meta":[],"_links":{"self":[{"href":"http:\/\/schaalsee-comfort.de\/index.php?rest_route=\/wp\/v2\/pages\/36"}],"collection":[{"href":"http:\/\/schaalsee-comfort.de\/index.php?rest_route=\/wp\/v2\/pages"}],"about":[{"href":"http:\/\/schaalsee-comfort.de\/index.php?rest_route=\/wp\/v2\/types\/page"}],"author":[{"embeddable":true,"href":"http:\/\/schaalsee-comfort.de\/index.php?rest_route=\/wp\/v2\/users\/1"}],"replies":[{"embeddable":true,"href":"http:\/\/schaalsee-comfort.de\/index.php?rest_route=%2Fwp%2Fv2%2Fcomments&post=36"}],"version-history":[{"count":7,"href":"http:\/\/schaalsee-comfort.de\/index.php?rest_route=\/wp\/v2\/pages\/36\/revisions"}],"predecessor-version":[{"id":275,"href":"http:\/\/schaalsee-comfort.de\/index.php?rest_route=\/wp\/v2\/pages\/36\/revisions\/275"}],"wp:attachment":[{"href":"http:\/\/schaalsee-comfort.de\/index.php?rest_route=%2Fwp%2Fv2%2Fmedia&parent=36"}],"curies":[{"name":"wp","href":"https:\/\/api.w.org\/{rel}","templated":true}]}}